{"id":9,"date":"2015-05-27T22:39:17","date_gmt":"2015-05-27T20:39:17","guid":{"rendered":"http:\/\/www.inder.info\/msferret\/?page_id=9"},"modified":"2015-11-01T19:53:07","modified_gmt":"2015-11-01T18:53:07","slug":"imprint","status":"publish","type":"page","link":"https:\/\/inder.info\/msferret\/imprint\/","title":{"rendered":"Imprint"},"content":{"rendered":"<p>Ms Ferret &amp; the brainbug exposition<br \/>\nc\/o Christina M\u00fcller<br \/>\nDahlienweg 13<br \/>\n55126 Mainz<\/p>\n<p>Hinweis<br \/>\nGem\u00e4\u00df \u00a7 5 Abs.1 TDG bin ich ausschlie\u00dflich nur f\u00fcr die eigenen Inhalte verantwortlich. F\u00fcr Links auf fremde Inhalte dritter Anbieter bin ich gem\u00e4\u00df \u00a7 5 Abs.2 TDG nur verantwortlich, wenn ich von einem rechtswidrigen oder strafbaren Gehalt positive Kenntnis habe und es technisch m\u00f6glich und zumutbar ist, deren Nutzung zu verhindern. Auch bin ich nicht verpflichtet, in periodischen Abst\u00e4nden den Inhalt von Angeboten Dritter auf deren Rechtswidrigkeit oder Strafbarkeit zu \u00fcberpr\u00fcfen. Sobald ich von dem rechtswidrigen Inhalt der Web-Seiten Dritter erfahre, wird der entsprechende Link von meiner Seite entfernt. Weiterhin m\u00f6chte ich ausdr\u00fccklich betonen, dass ich keinerlei Einfluss auf die Gestaltung und die Inhalte der gelinkten Seiten habe. Deshalb distanziere ich mich hiermit ausdr\u00fccklich von allen Inhalten aller gelinkten Seiten auf der gesamten Website inkl. aller Unterseiten. Diese Erkl\u00e4rung gilt f\u00fcr alle auf der Homepage ausgebrachten Links und f\u00fcr alle Inhalte der Seiten, zu denen Links oder Banner f\u00fchren. Sollten Inhalte dieser Internetangebote gegen geltendes Urheberrecht oder das Markengesetz versto\u00dfen, werden diese auf Hinweis schnellstm\u00f6glich entfernt.<\/p>\n","protected":false},"excerpt":{"rendered":"<p>Ms Ferret &amp; the brainbug exposition c\/o Christina M\u00fcller Dahlienweg 13 55126 Mainz Hinweis Gem\u00e4\u00df \u00a7 5 Abs.1 TDG bin ich ausschlie\u00dflich nur f\u00fcr die eigenen Inhalte verantwortlich. F\u00fcr Links auf fremde Inhalte dritter Anbieter bin ich gem\u00e4\u00df \u00a7 5 Abs.2 TDG nur verantwortlich, wenn ich von einem rechtswidrigen oder strafbaren Gehalt positive Kenntnis habe und es technisch m\u00f6glich und zumutbar ist, deren Nutzung zu verhindern. Auch bin ich nicht verpflichtet, in periodischen Abst\u00e4nden den Inhalt von Angeboten Dritter auf [&hellip;]<\/p>\n","protected":false},"author":1,"featured_media":0,"parent":0,"menu_order":0,"comment_status":"open","ping_status":"open","template":"","meta":{"footnotes":""},"_links":{"self":[{"href":"https:\/\/inder.info\/msferret\/wp-json\/wp\/v2\/pages\/9"}],"collection":[{"href":"https:\/\/inder.info\/msferret\/wp-json\/wp\/v2\/pages"}],"about":[{"href":"https:\/\/inder.info\/msferret\/wp-json\/wp\/v2\/types\/page"}],"author":[{"embeddable":true,"href":"https:\/\/inder.info\/msferret\/wp-json\/wp\/v2\/users\/1"}],"replies":[{"embeddable":true,"href":"https:\/\/inder.info\/msferret\/wp-json\/wp\/v2\/comments?post=9"}],"version-history":[{"count":10,"href":"https:\/\/inder.info\/msferret\/wp-json\/wp\/v2\/pages\/9\/revisions"}],"predecessor-version":[{"id":100,"href":"https:\/\/inder.info\/msferret\/wp-json\/wp\/v2\/pages\/9\/revisions\/100"}],"wp:attachment":[{"href":"https:\/\/inder.info\/msferret\/wp-json\/wp\/v2\/media?parent=9"}],"curies":[{"name":"wp","href":"https:\/\/api.w.org\/{rel}","templated":true}]}}